{"id":1077,"date":"2025-03-30T22:42:37","date_gmt":"2025-03-30T14:42:37","guid":{"rendered":"https:\/\/texlube.com\/?post_type=product&#038;p=1077"},"modified":"2025-05-06T21:43:04","modified_gmt":"2025-05-06T13:43:04","slug":"dau-lanh-poe-tex-906-150-320","status":"publish","type":"product","link":"https:\/\/texlube.com\/vi\/san-pham\/dau-lanh-poe-tex-906-150-320\/","title":{"rendered":"D\u1ea7u l\u1ea1nh POE \u2013 TEX-906-150\/320"},"content":{"rendered":"","protected":false},"excerpt":{"rendered":"<p>TEX-906-150 \/ 320 \u0111\u01b0\u1ee3c ph\u00e1t tri\u1ec3n b\u1eb1ng c\u00e1ch s\u1eed d\u1ee5ng d\u1ea7u g\u1ed1c polyol ester nh\u1eadp kh\u1ea9u cao c\u1ea5p, k\u1ebft h\u1ee3p v\u1edbi h\u1ed7n h\u1ee3p ph\u1ee5 gia \u0111\u01b0\u1ee3c l\u1ef1a ch\u1ecdn c\u1ea9n th\u1eadn, c\u00f3 kh\u1ea3 n\u0103ng ch\u1ecbu \u00e1p su\u1ea5t c\u1ef1c cao, b\u1ea3o v\u1ec7 ch\u1ed1ng m\u00e0i m\u00f2n, ng\u0103n b\u1ecdt v\u00e0 ki\u1ec3m so\u00e1t qu\u00e1 tr\u00ecnh oxy h\u00f3a. C\u00f4ng th\u1ee9c n\u00e0y \u0111\u1ea3m b\u1ea3o kh\u1ea3 n\u0103ng b\u00f4i tr\u01a1n m\u1ea1nh, hi\u1ec7u su\u1ea5t tuy\u1ec7t v\u1eddi trong c\u1ea3 m\u00f4i tr\u01b0\u1eddng nhi\u1ec7t \u0111\u1ed9 cao v\u00e0 th\u1ea5p, v\u00e0 kh\u1ea3 n\u0103ng t\u01b0\u01a1ng th\u00edch \u0111\u00e1ng tin c\u1eady v\u1edbi ch\u1ea5t l\u00e0m l\u1ea1nh HFC. V\u1edbi \u0111\u1ed9 \u1ed5n \u0111\u1ecbnh nhi\u1ec7t v\u00e0 h\u00f3a h\u1ecdc \u0111\u00e3 \u0111\u01b0\u1ee3c ch\u1ee9ng minh, TEX-906-150 \/ 320 l\u00e0 gi\u1ea3i ph\u00e1p \u0111\u00e1ng tin c\u1eady cho h\u1ec7 th\u1ed1ng \u0111i\u1ec1u h\u00f2a kh\u00f4ng kh\u00ed trung t\u00e2m, m\u00e1y b\u01a1m nhi\u1ec7t, thi\u1ebft b\u1ecb l\u00e0m l\u1ea1nh c\u00f4ng nghi\u1ec7p v\u00e0 c\u00e1c \u1ee9ng d\u1ee5ng l\u00e0m m\u00e1t ti\u00ean ti\u1ebfn kh\u00e1c.<\/p>","protected":false},"featured_media":2347,"comment_status":"open","ping_status":"closed","template":"","meta":[],"product_brand":[],"product_cat":[41],"product_tag":[],"class_list":{"0":"post-1077","1":"product","2":"type-product","3":"status-publish","4":"has-post-thumbnail","6":"product_cat-poe-oil-tex-906-150-320","8":"first","9":"instock","10":"shipping-taxable","11":"product-type-simple"},"_links":{"self":[{"href":"https:\/\/texlube.com\/vi\/wp-json\/wp\/v2\/product\/1077","targetHints":{"allow":["GET"]}}],"collection":[{"href":"https:\/\/texlube.com\/vi\/wp-json\/wp\/v2\/product"}],"about":[{"href":"https:\/\/texlube.com\/vi\/wp-json\/wp\/v2\/types\/product"}],"replies":[{"embeddable":true,"href":"https:\/\/texlube.com\/vi\/wp-json\/wp\/v2\/comments?post=1077"}],"wp:featuredmedia":[{"embeddable":true,"href":"https:\/\/texlube.com\/vi\/wp-json\/wp\/v2\/media\/2347"}],"wp:attachment":[{"href":"https:\/\/texlube.com\/vi\/wp-json\/wp\/v2\/media?parent=1077"}],"wp:term":[{"taxonomy":"product_brand","embeddable":true,"href":"https:\/\/texlube.com\/vi\/wp-json\/wp\/v2\/product_brand?post=1077"},{"taxonomy":"product_cat","embeddable":true,"href":"https:\/\/texlube.com\/vi\/wp-json\/wp\/v2\/product_cat?post=1077"},{"taxonomy":"product_tag","embeddable":true,"href":"https:\/\/texlube.com\/vi\/wp-json\/wp\/v2\/product_tag?post=1077"}],"curies":[{"name":"trang web","href":"https:\/\/api.w.org\/{rel}","templated":true}]}}