{"id":1074,"date":"2025-03-30T22:40:18","date_gmt":"2025-03-30T14:40:18","guid":{"rendered":"https:\/\/texlube.com\/?post_type=product&#038;p=1074"},"modified":"2025-05-06T21:41:45","modified_gmt":"2025-05-06T13:41:45","slug":"dau-lanh-poe-tex-906-120","status":"publish","type":"product","link":"https:\/\/texlube.com\/vi\/san-pham\/dau-lanh-poe-tex-906-120\/","title":{"rendered":"D\u1ea7u l\u1ea1nh POE \u2013 TEX-906-120"},"content":{"rendered":"","protected":false},"excerpt":{"rendered":"<p>TEX-906-120 d\u1ef1a tr\u00ean este polyol nh\u1eadp kh\u1ea9u ch\u1ea5t l\u01b0\u1ee3ng cao v\u00e0 \u0111\u01b0\u1ee3c pha tr\u1ed9n v\u1edbi m\u1ed9t lo\u1ea1t c\u00e1c ch\u1ea5t ph\u1ee5 gia t\u0103ng c\u01b0\u1eddng hi\u1ec7u su\u1ea5t, bao g\u1ed3m ch\u1ea5t ch\u1ed1ng m\u00e0i m\u00f2n, EP, ch\u1ed1ng b\u1ecdt v\u00e0 ch\u1ea5t ch\u1ed1ng oxy h\u00f3a. N\u00f3 mang l\u1ea1i kh\u1ea3 n\u0103ng b\u00f4i tr\u01a1n v\u01b0\u1ee3t tr\u1ed9i, hi\u1ec7u su\u1ea5t \u1ed5n \u0111\u1ecbnh trong ph\u1ea1m vi nhi\u1ec7t \u0111\u1ed9 r\u1ed9ng, kh\u1ea3 n\u0103ng t\u01b0\u01a1ng th\u00edch tuy\u1ec7t v\u1eddi v\u1edbi ch\u1ea5t l\u00e0m l\u1ea1nh v\u00e0 \u0111\u1ed9 \u1ed5n \u0111\u1ecbnh nhi\u1ec7t v\u00e0 h\u00f3a h\u1ecdc v\u01b0\u1ee3t tr\u1ed9i. S\u1ea3n ph\u1ea9m n\u00e0y \u0111\u01b0\u1ee3c \u1ee9ng d\u1ee5ng r\u1ed9ng r\u00e3i trong c\u00e1c thi\u1ebft b\u1ecb \u0111i\u1ec1u h\u00f2a kh\u00f4ng kh\u00ed trung t\u00e2m, t\u1ee7 l\u1ea1nh, t\u1ee7 \u0111\u00f4ng, m\u00e1y s\u1ea5y kh\u00f4ng kh\u00ed l\u1ea1nh, m\u00e1y b\u01a1m nhi\u1ec7t, h\u1ec7 th\u1ed1ng l\u00e0m l\u1ea1nh c\u00f4ng nghi\u1ec7p v\u00e0 c\u00e1c thi\u1ebft b\u1ecb l\u00e0m m\u00e1t kh\u00e1c.<\/p>","protected":false},"featured_media":2343,"comment_status":"open","ping_status":"closed","template":"","meta":[],"product_brand":[],"product_cat":[37],"product_tag":[],"class_list":{"0":"post-1074","1":"product","2":"type-product","3":"status-publish","4":"has-post-thumbnail","6":"product_cat-poe-oil-tex-906-120","8":"first","9":"instock","10":"shipping-taxable","11":"product-type-simple"},"_links":{"self":[{"href":"https:\/\/texlube.com\/vi\/wp-json\/wp\/v2\/product\/1074","targetHints":{"allow":["GET"]}}],"collection":[{"href":"https:\/\/texlube.com\/vi\/wp-json\/wp\/v2\/product"}],"about":[{"href":"https:\/\/texlube.com\/vi\/wp-json\/wp\/v2\/types\/product"}],"replies":[{"embeddable":true,"href":"https:\/\/texlube.com\/vi\/wp-json\/wp\/v2\/comments?post=1074"}],"wp:featuredmedia":[{"embeddable":true,"href":"https:\/\/texlube.com\/vi\/wp-json\/wp\/v2\/media\/2343"}],"wp:attachment":[{"href":"https:\/\/texlube.com\/vi\/wp-json\/wp\/v2\/media?parent=1074"}],"wp:term":[{"taxonomy":"product_brand","embeddable":true,"href":"https:\/\/texlube.com\/vi\/wp-json\/wp\/v2\/product_brand?post=1074"},{"taxonomy":"product_cat","embeddable":true,"href":"https:\/\/texlube.com\/vi\/wp-json\/wp\/v2\/product_cat?post=1074"},{"taxonomy":"product_tag","embeddable":true,"href":"https:\/\/texlube.com\/vi\/wp-json\/wp\/v2\/product_tag?post=1074"}],"curies":[{"name":"trang web","href":"https:\/\/api.w.org\/{rel}","templated":true}]}}