{"id":1073,"date":"2025-03-30T22:39:21","date_gmt":"2025-03-30T14:39:21","guid":{"rendered":"https:\/\/texlube.com\/?post_type=product&#038;p=1073"},"modified":"2025-05-06T21:41:19","modified_gmt":"2025-05-06T13:41:19","slug":"dau-lanh-poe-tex-906-68","status":"publish","type":"product","link":"https:\/\/texlube.com\/vi\/san-pham\/dau-lanh-poe-tex-906-68\/","title":{"rendered":"D\u1ea7u l\u1ea1nh POE \u2013 TEX-906-68"},"content":{"rendered":"","protected":false},"excerpt":{"rendered":"<p>TEX-906-68 \u0111\u01b0\u1ee3c pha tr\u1ed9n v\u1edbi d\u1ea7u g\u1ed1c polyol ester nh\u1eadp kh\u1ea9u v\u00e0 \u0111\u01b0\u1ee3c t\u0103ng c\u01b0\u1eddng v\u1edbi c\u00e1c ch\u1ea5t ph\u1ee5 gia ch\u1ed1ng m\u00e0i m\u00f2n, ch\u1ecbu \u00e1p su\u1ea5t c\u1ef1c cao, ch\u1ed1ng t\u1ea1o b\u1ecdt v\u00e0 ch\u1ed1ng oxy h\u00f3a. N\u00f3 mang l\u1ea1i hi\u1ec7u su\u1ea5t b\u00f4i tr\u01a1n v\u01b0\u1ee3t tr\u1ed9i, \u0111\u1ed9 \u1ed5n \u0111\u1ecbnh nhi\u1ec7t \u0111\u1ed9 cao v\u00e0 th\u1ea5p tuy\u1ec7t v\u1eddi, kh\u1ea3 n\u0103ng t\u01b0\u01a1ng th\u00edch ch\u1ea5t l\u00e0m l\u1ea1nh m\u1ea1nh m\u1ebd v\u00e0 \u0111\u1ed9 \u1ed5n \u0111\u1ecbnh nhi\u1ec7t v\u00e0 h\u00f3a h\u1ecdc \u0111\u00e1ng tin c\u1eady. N\u00f3 \u0111\u01b0\u1ee3c s\u1eed d\u1ee5ng r\u1ed9ng r\u00e3i trong c\u00e1c h\u1ec7 th\u1ed1ng \u0111i\u1ec1u h\u00f2a kh\u00f4ng kh\u00ed trung t\u00e2m, t\u1ee7 l\u1ea1nh, t\u1ee7 \u0111\u00f4ng, m\u00e1y s\u1ea5y l\u1ea1nh, m\u00e1y b\u01a1m nhi\u1ec7t, thi\u1ebft b\u1ecb l\u00e0m l\u1ea1nh c\u00f4ng nghi\u1ec7p v\u00e0 c\u00e1c thi\u1ebft b\u1ecb l\u00e0m m\u00e1t kh\u00e1c.<\/p>","protected":false},"featured_media":2342,"comment_status":"open","ping_status":"closed","template":"","meta":[],"product_brand":[],"product_cat":[36],"product_tag":[],"class_list":{"0":"post-1073","1":"product","2":"type-product","3":"status-publish","4":"has-post-thumbnail","6":"product_cat-poe-oil-tex-906-68","8":"first","9":"instock","10":"shipping-taxable","11":"product-type-simple"},"_links":{"self":[{"href":"https:\/\/texlube.com\/vi\/wp-json\/wp\/v2\/product\/1073","targetHints":{"allow":["GET"]}}],"collection":[{"href":"https:\/\/texlube.com\/vi\/wp-json\/wp\/v2\/product"}],"about":[{"href":"https:\/\/texlube.com\/vi\/wp-json\/wp\/v2\/types\/product"}],"replies":[{"embeddable":true,"href":"https:\/\/texlube.com\/vi\/wp-json\/wp\/v2\/comments?post=1073"}],"wp:featuredmedia":[{"embeddable":true,"href":"https:\/\/texlube.com\/vi\/wp-json\/wp\/v2\/media\/2342"}],"wp:attachment":[{"href":"https:\/\/texlube.com\/vi\/wp-json\/wp\/v2\/media?parent=1073"}],"wp:term":[{"taxonomy":"product_brand","embeddable":true,"href":"https:\/\/texlube.com\/vi\/wp-json\/wp\/v2\/product_brand?post=1073"},{"taxonomy":"product_cat","embeddable":true,"href":"https:\/\/texlube.com\/vi\/wp-json\/wp\/v2\/product_cat?post=1073"},{"taxonomy":"product_tag","embeddable":true,"href":"https:\/\/texlube.com\/vi\/wp-json\/wp\/v2\/product_tag?post=1073"}],"curies":[{"name":"trang web","href":"https:\/\/api.w.org\/{rel}","templated":true}]}}