{"id":1060,"date":"2025-03-30T22:08:54","date_gmt":"2025-03-30T14:08:54","guid":{"rendered":"https:\/\/texlube.com\/?post_type=product&#038;p=1060"},"modified":"2025-05-06T21:27:15","modified_gmt":"2025-05-06T13:27:15","slug":"dau-lanh-khoang-texlube-gs-series","status":"publish","type":"product","link":"https:\/\/texlube.com\/vi\/san-pham\/dau-lanh-khoang-texlube-gs-series\/","title":{"rendered":"D\u1ea7u l\u00e0m l\u1ea1nh kho\u00e1ng ch\u1ea5t-Texlube GS Series"},"content":{"rendered":"","protected":false},"excerpt":{"rendered":"<p>D\u1ea7u l\u00e0m l\u1ea1nh d\u00f2ng TEXLUBE GS \u0111\u01b0\u1ee3c tinh ch\u1ebf t\u1eeb d\u1ea7u g\u1ed1c naphthenic ch\u1ea5t l\u01b0\u1ee3ng cao v\u00e0 \u0111\u01b0\u1ee3c t\u0103ng c\u01b0\u1eddng v\u1edbi m\u1ed9t g\u00f3i c\u00e2n b\u1eb1ng c\u00e1c ch\u1ea5t ch\u1ed1ng oxy h\u00f3a, ch\u1ed1ng m\u00e0i m\u00f2n v\u00e0 c\u00e1c ch\u1ea5t ph\u1ee5 gia hi\u1ec7u su\u1ea5t kh\u00e1c. N\u00f3 mang l\u1ea1i kh\u1ea3 n\u0103ng b\u00f4i tr\u01a1n tuy\u1ec7t v\u1eddi, \u0111\u1ed9 \u1ed5n \u0111\u1ecbnh h\u00f3a h\u1ecdc v\u01b0\u1ee3t tr\u1ed9i, t\u00ednh l\u01b0u \u0111\u1ed9ng \u1edf nhi\u1ec7t \u0111\u1ed9 th\u1ea5p v\u01b0\u1ee3t tr\u1ed9i v\u00e0 kh\u1ea3 n\u0103ng t\u01b0\u01a1ng th\u00edch \u0111\u00e1ng tin c\u1eady v\u1edbi nhi\u1ec1u lo\u1ea1i ch\u1ea5t l\u00e0m l\u1ea1nh.<\/p>","protected":false},"featured_media":2339,"comment_status":"open","ping_status":"closed","template":"","meta":[],"product_brand":[],"product_cat":[30],"product_tag":[],"class_list":{"0":"post-1060","1":"product","2":"type-product","3":"status-publish","4":"has-post-thumbnail","6":"product_cat-texlube-gs-series-tex-908","8":"first","9":"instock","10":"shipping-taxable","11":"product-type-simple"},"_links":{"self":[{"href":"https:\/\/texlube.com\/vi\/wp-json\/wp\/v2\/product\/1060","targetHints":{"allow":["GET"]}}],"collection":[{"href":"https:\/\/texlube.com\/vi\/wp-json\/wp\/v2\/product"}],"about":[{"href":"https:\/\/texlube.com\/vi\/wp-json\/wp\/v2\/types\/product"}],"replies":[{"embeddable":true,"href":"https:\/\/texlube.com\/vi\/wp-json\/wp\/v2\/comments?post=1060"}],"wp:featuredmedia":[{"embeddable":true,"href":"https:\/\/texlube.com\/vi\/wp-json\/wp\/v2\/media\/2339"}],"wp:attachment":[{"href":"https:\/\/texlube.com\/vi\/wp-json\/wp\/v2\/media?parent=1060"}],"wp:term":[{"taxonomy":"product_brand","embeddable":true,"href":"https:\/\/texlube.com\/vi\/wp-json\/wp\/v2\/product_brand?post=1060"},{"taxonomy":"product_cat","embeddable":true,"href":"https:\/\/texlube.com\/vi\/wp-json\/wp\/v2\/product_cat?post=1060"},{"taxonomy":"product_tag","embeddable":true,"href":"https:\/\/texlube.com\/vi\/wp-json\/wp\/v2\/product_tag?post=1060"}],"curies":[{"name":"trang web","href":"https:\/\/api.w.org\/{rel}","templated":true}]}}