{"id":991,"date":"2025-03-30T19:24:33","date_gmt":"2025-03-30T11:24:33","guid":{"rendered":"https:\/\/texlube.com\/?post_type=product&#038;p=991"},"modified":"2025-05-06T21:23:14","modified_gmt":"2025-05-06T13:23:14","slug":"oleo-pao-texlube-serie-902","status":"publish","type":"product","link":"https:\/\/texlube.com\/pt\/produto\/oleo-pao-texlube-serie-902\/","title":{"rendered":"\u00d3leo de refrigera\u00e7\u00e3o sint\u00e9tico \u00e0 base de PAO Texlube s\u00e9rie 902"},"content":{"rendered":"","protected":false},"excerpt":{"rendered":"<p>O TEX902 \u00e9 um \u00f3leo de refrigera\u00e7\u00e3o de alta qualidade formulado com \u00f3leo base sint\u00e9tico de polialfaolefina (PAO). Sua estrutura molecular cria uma pel\u00edcula lubrificante est\u00e1vel e de alta resist\u00eancia que proporciona excelente prote\u00e7\u00e3o contra desgaste e efici\u00eancia do sistema. Gra\u00e7as \u00e0 sua natureza isenta de ceras e \u00e0 aus\u00eancia de ponto de flocula\u00e7\u00e3o, o PAO minimiza o risco de dep\u00f3sitos relacionados ao \u00f3leo e previne entupimentos em v\u00e1lvulas de expans\u00e3o ou linhas de controle, mantendo o circuito de refrigera\u00e7\u00e3o limpo e funcionando sem problemas. O TEX902 foi projetado para condi\u00e7\u00f5es de alta carga e alta temperatura, como bombas de calor industriais, oferecendo excelente estabilidade t\u00e9rmica para prolongar a vida \u00fatil do \u00f3leo e reduzir a manuten\u00e7\u00e3o. Como um dos \u00f3leos base sint\u00e9ticos mais avan\u00e7ados, o PAO permite um controle preciso da viscosidade por meio da polimeriza\u00e7\u00e3o, atendendo a uma ampla gama de aplica\u00e7\u00f5es de refrigera\u00e7\u00e3o e ar condicionado.<\/p>","protected":false},"featured_media":2337,"comment_status":"open","ping_status":"closed","template":"","meta":[],"product_brand":[],"product_cat":[29],"product_tag":[],"class_list":{"0":"post-991","1":"product","2":"type-product","3":"status-publish","4":"has-post-thumbnail","6":"product_cat-pao-refrigeratinon-oil-texlube-902","8":"first","9":"instock","10":"shipping-taxable","11":"product-type-simple"},"_links":{"self":[{"href":"https:\/\/texlube.com\/pt\/wp-json\/wp\/v2\/product\/991","targetHints":{"allow":["GET"]}}],"collection":[{"href":"https:\/\/texlube.com\/pt\/wp-json\/wp\/v2\/product"}],"about":[{"href":"https:\/\/texlube.com\/pt\/wp-json\/wp\/v2\/types\/product"}],"replies":[{"embeddable":true,"href":"https:\/\/texlube.com\/pt\/wp-json\/wp\/v2\/comments?post=991"}],"wp:featuredmedia":[{"embeddable":true,"href":"https:\/\/texlube.com\/pt\/wp-json\/wp\/v2\/media\/2337"}],"wp:attachment":[{"href":"https:\/\/texlube.com\/pt\/wp-json\/wp\/v2\/media?parent=991"}],"wp:term":[{"taxonomy":"product_brand","embeddable":true,"href":"https:\/\/texlube.com\/pt\/wp-json\/wp\/v2\/product_brand?post=991"},{"taxonomy":"product_cat","embeddable":true,"href":"https:\/\/texlube.com\/pt\/wp-json\/wp\/v2\/product_cat?post=991"},{"taxonomy":"product_tag","embeddable":true,"href":"https:\/\/texlube.com\/pt\/wp-json\/wp\/v2\/product_tag?post=991"}],"curies":[{"name":"wp","href":"https:\/\/api.w.org\/{rel}","templated":true}]}}