{"id":1074,"date":"2025-03-30T22:40:18","date_gmt":"2025-03-30T14:40:18","guid":{"rendered":"https:\/\/texlube.com\/?post_type=product&#038;p=1074"},"modified":"2025-05-06T21:41:45","modified_gmt":"2025-05-06T13:41:45","slug":"oleo-de-refrigeracao-poe-tex-906-120","status":"publish","type":"product","link":"https:\/\/texlube.com\/pt\/produto\/oleo-de-refrigeracao-poe-tex-906-120\/","title":{"rendered":"\u00d3leo de refrigera\u00e7\u00e3o POE \u2013 TEX-906-120"},"content":{"rendered":"","protected":false},"excerpt":{"rendered":"<p>O TEX-906-120 \u00e9 baseado em \u00e9ster poli\u00f3lico importado de alta qualidade e misturado com uma variedade de aditivos que melhoram o desempenho, incluindo agentes antidesgaste, EP, antiespumantes e antioxidantes. Proporciona lubrifica\u00e7\u00e3o superior, desempenho est\u00e1vel em uma ampla faixa de temperatura, excelente compatibilidade com refrigerantes e excelente estabilidade t\u00e9rmica e qu\u00edmica. Este produto \u00e9 amplamente utilizado em unidades centrais de ar condicionado, refrigeradores, freezers, secadores de ar refrigerados, bombas de calor, sistemas de refrigera\u00e7\u00e3o industrial e outros equipamentos de refrigera\u00e7\u00e3o.<\/p>","protected":false},"featured_media":2343,"comment_status":"open","ping_status":"closed","template":"","meta":[],"product_brand":[],"product_cat":[37],"product_tag":[],"class_list":{"0":"post-1074","1":"product","2":"type-product","3":"status-publish","4":"has-post-thumbnail","6":"product_cat-poe-oil-tex-906-120","8":"first","9":"instock","10":"shipping-taxable","11":"product-type-simple"},"_links":{"self":[{"href":"https:\/\/texlube.com\/pt\/wp-json\/wp\/v2\/product\/1074","targetHints":{"allow":["GET"]}}],"collection":[{"href":"https:\/\/texlube.com\/pt\/wp-json\/wp\/v2\/product"}],"about":[{"href":"https:\/\/texlube.com\/pt\/wp-json\/wp\/v2\/types\/product"}],"replies":[{"embeddable":true,"href":"https:\/\/texlube.com\/pt\/wp-json\/wp\/v2\/comments?post=1074"}],"wp:featuredmedia":[{"embeddable":true,"href":"https:\/\/texlube.com\/pt\/wp-json\/wp\/v2\/media\/2343"}],"wp:attachment":[{"href":"https:\/\/texlube.com\/pt\/wp-json\/wp\/v2\/media?parent=1074"}],"wp:term":[{"taxonomy":"product_brand","embeddable":true,"href":"https:\/\/texlube.com\/pt\/wp-json\/wp\/v2\/product_brand?post=1074"},{"taxonomy":"product_cat","embeddable":true,"href":"https:\/\/texlube.com\/pt\/wp-json\/wp\/v2\/product_cat?post=1074"},{"taxonomy":"product_tag","embeddable":true,"href":"https:\/\/texlube.com\/pt\/wp-json\/wp\/v2\/product_tag?post=1074"}],"curies":[{"name":"wp","href":"https:\/\/api.w.org\/{rel}","templated":true}]}}