{"id":1073,"date":"2025-03-30T22:39:21","date_gmt":"2025-03-30T14:39:21","guid":{"rendered":"https:\/\/texlube.com\/?post_type=product&#038;p=1073"},"modified":"2025-05-06T21:41:19","modified_gmt":"2025-05-06T13:41:19","slug":"oleo-de-refrigeracao-poe-tex-906-68","status":"publish","type":"product","link":"https:\/\/texlube.com\/pt\/produto\/oleo-de-refrigeracao-poe-tex-906-68\/","title":{"rendered":"\u00d3leo de refrigera\u00e7\u00e3o POE \u2013 TEX-906-68"},"content":{"rendered":"","protected":false},"excerpt":{"rendered":"<p>O TEX-906-68 \u00e9 misturado com \u00f3leo base de poliol \u00e9ster importado e enriquecido com aditivos antidesgaste, de extrema press\u00e3o, antiespumantes e antioxidantes. Oferece excelente desempenho de lubrifica\u00e7\u00e3o, excelente estabilidade em altas e baixas temperaturas, forte compatibilidade com refrigerantes e estabilidade t\u00e9rmica e qu\u00edmica confi\u00e1vel. \u00c9 amplamente utilizado em sistemas de ar condicionado central, refrigeradores, freezers, secadores refrigerados, bombas de calor, unidades de refrigera\u00e7\u00e3o industrial e outros equipamentos de refrigera\u00e7\u00e3o.<\/p>","protected":false},"featured_media":2342,"comment_status":"open","ping_status":"closed","template":"","meta":[],"product_brand":[],"product_cat":[36],"product_tag":[],"class_list":{"0":"post-1073","1":"product","2":"type-product","3":"status-publish","4":"has-post-thumbnail","6":"product_cat-poe-oil-tex-906-68","8":"first","9":"instock","10":"shipping-taxable","11":"product-type-simple"},"_links":{"self":[{"href":"https:\/\/texlube.com\/pt\/wp-json\/wp\/v2\/product\/1073","targetHints":{"allow":["GET"]}}],"collection":[{"href":"https:\/\/texlube.com\/pt\/wp-json\/wp\/v2\/product"}],"about":[{"href":"https:\/\/texlube.com\/pt\/wp-json\/wp\/v2\/types\/product"}],"replies":[{"embeddable":true,"href":"https:\/\/texlube.com\/pt\/wp-json\/wp\/v2\/comments?post=1073"}],"wp:featuredmedia":[{"embeddable":true,"href":"https:\/\/texlube.com\/pt\/wp-json\/wp\/v2\/media\/2342"}],"wp:attachment":[{"href":"https:\/\/texlube.com\/pt\/wp-json\/wp\/v2\/media?parent=1073"}],"wp:term":[{"taxonomy":"product_brand","embeddable":true,"href":"https:\/\/texlube.com\/pt\/wp-json\/wp\/v2\/product_brand?post=1073"},{"taxonomy":"product_cat","embeddable":true,"href":"https:\/\/texlube.com\/pt\/wp-json\/wp\/v2\/product_cat?post=1073"},{"taxonomy":"product_tag","embeddable":true,"href":"https:\/\/texlube.com\/pt\/wp-json\/wp\/v2\/product_tag?post=1073"}],"curies":[{"name":"wp","href":"https:\/\/api.w.org\/{rel}","templated":true}]}}