{"id":1060,"date":"2025-03-30T22:08:54","date_gmt":"2025-03-30T14:08:54","guid":{"rendered":"https:\/\/texlube.com\/?post_type=product&#038;p=1060"},"modified":"2025-05-06T21:27:15","modified_gmt":"2025-05-06T13:27:15","slug":"oleo-mineral-de-refrigeracao-serie-texlube-gs","status":"publish","type":"product","link":"https:\/\/texlube.com\/pt\/produto\/oleo-mineral-de-refrigeracao-serie-texlube-gs\/","title":{"rendered":"\u00d3leo Mineral para Refrigera\u00e7\u00e3o - S\u00e9rie Texlube GS"},"content":{"rendered":"","protected":false},"excerpt":{"rendered":"<p>O \u00f3leo de refrigera\u00e7\u00e3o da s\u00e9rie TEXLUBE GS \u00e9 refinado a partir de \u00f3leo base naft\u00eanico de alta qualidade e enriquecido com um conjunto equilibrado de aditivos antioxidantes, antidesgaste e outros aditivos de desempenho. Ele proporciona excelente lubrifica\u00e7\u00e3o, excelente estabilidade qu\u00edmica, fluidez superior em baixas temperaturas e compatibilidade confi\u00e1vel com uma ampla gama de refrigerantes.<\/p>","protected":false},"featured_media":2339,"comment_status":"open","ping_status":"closed","template":"","meta":[],"product_brand":[],"product_cat":[30],"product_tag":[],"class_list":{"0":"post-1060","1":"product","2":"type-product","3":"status-publish","4":"has-post-thumbnail","6":"product_cat-texlube-gs-series-tex-908","8":"first","9":"instock","10":"shipping-taxable","11":"product-type-simple"},"_links":{"self":[{"href":"https:\/\/texlube.com\/pt\/wp-json\/wp\/v2\/product\/1060","targetHints":{"allow":["GET"]}}],"collection":[{"href":"https:\/\/texlube.com\/pt\/wp-json\/wp\/v2\/product"}],"about":[{"href":"https:\/\/texlube.com\/pt\/wp-json\/wp\/v2\/types\/product"}],"replies":[{"embeddable":true,"href":"https:\/\/texlube.com\/pt\/wp-json\/wp\/v2\/comments?post=1060"}],"wp:featuredmedia":[{"embeddable":true,"href":"https:\/\/texlube.com\/pt\/wp-json\/wp\/v2\/media\/2339"}],"wp:attachment":[{"href":"https:\/\/texlube.com\/pt\/wp-json\/wp\/v2\/media?parent=1060"}],"wp:term":[{"taxonomy":"product_brand","embeddable":true,"href":"https:\/\/texlube.com\/pt\/wp-json\/wp\/v2\/product_brand?post=1060"},{"taxonomy":"product_cat","embeddable":true,"href":"https:\/\/texlube.com\/pt\/wp-json\/wp\/v2\/product_cat?post=1060"},{"taxonomy":"product_tag","embeddable":true,"href":"https:\/\/texlube.com\/pt\/wp-json\/wp\/v2\/product_tag?post=1060"}],"curies":[{"name":"wp","href":"https:\/\/api.w.org\/{rel}","templated":true}]}}