{"id":1077,"date":"2025-03-30T22:42:37","date_gmt":"2025-03-30T14:42:37","guid":{"rendered":"https:\/\/texlube.com\/?post_type=product&#038;p=1077"},"modified":"2025-05-06T21:43:04","modified_gmt":"2025-05-06T13:43:04","slug":"olej-chlodniczy-poe-tex-906-150-320","status":"publish","type":"product","link":"https:\/\/texlube.com\/pl\/produkt\/olej-chlodniczy-poe-tex-906-150-320\/","title":{"rendered":"Olej ch\u0142odniczy POE \u2013 TEX-906-150\/320"},"content":{"rendered":"","protected":false},"excerpt":{"rendered":"<p>TEX-906-150 \/ 320 zosta\u0142 opracowany przy u\u017cyciu importowanych olej\u00f3w bazowych z estr\u00f3w poliolowych, po\u0142\u0105czonych ze starannie dobran\u0105 mieszank\u0105 dodatk\u00f3w, kt\u00f3re zapewniaj\u0105 ekstremaln\u0105 odporno\u015b\u0107 na ci\u015bnienie, ochron\u0119 przed zu\u017cyciem, t\u0142umienie piany i kontrol\u0119 utleniania. Ta formu\u0142a zapewnia wysok\u0105 smarowno\u015b\u0107, doskona\u0142\u0105 wydajno\u015b\u0107 zar\u00f3wno w \u015brodowiskach o wysokiej, jak i niskiej temperaturze oraz niezawodn\u0105 kompatybilno\u015b\u0107 z czynnikami ch\u0142odniczymi HFC. Dzi\u0119ki sprawdzonej stabilno\u015bci termicznej i chemicznej TEX-906-150 \/ 320 jest niezawodnym rozwi\u0105zaniem dla centralnych system\u00f3w klimatyzacyjnych, pomp ciep\u0142a, przemys\u0142owych urz\u0105dze\u0144 ch\u0142odniczych i innych zaawansowanych zastosowa\u0144 ch\u0142odniczych.<\/p>","protected":false},"featured_media":2347,"comment_status":"open","ping_status":"closed","template":"","meta":[],"product_brand":[],"product_cat":[41],"product_tag":[],"class_list":{"0":"post-1077","1":"product","2":"type-product","3":"status-publish","4":"has-post-thumbnail","6":"product_cat-poe-oil-tex-906-150-320","8":"first","9":"instock","10":"shipping-taxable","11":"product-type-simple"},"_links":{"self":[{"href":"https:\/\/texlube.com\/pl\/wp-json\/wp\/v2\/product\/1077","targetHints":{"allow":["GET"]}}],"collection":[{"href":"https:\/\/texlube.com\/pl\/wp-json\/wp\/v2\/product"}],"about":[{"href":"https:\/\/texlube.com\/pl\/wp-json\/wp\/v2\/types\/product"}],"replies":[{"embeddable":true,"href":"https:\/\/texlube.com\/pl\/wp-json\/wp\/v2\/comments?post=1077"}],"wp:featuredmedia":[{"embeddable":true,"href":"https:\/\/texlube.com\/pl\/wp-json\/wp\/v2\/media\/2347"}],"wp:attachment":[{"href":"https:\/\/texlube.com\/pl\/wp-json\/wp\/v2\/media?parent=1077"}],"wp:term":[{"taxonomy":"product_brand","embeddable":true,"href":"https:\/\/texlube.com\/pl\/wp-json\/wp\/v2\/product_brand?post=1077"},{"taxonomy":"product_cat","embeddable":true,"href":"https:\/\/texlube.com\/pl\/wp-json\/wp\/v2\/product_cat?post=1077"},{"taxonomy":"product_tag","embeddable":true,"href":"https:\/\/texlube.com\/pl\/wp-json\/wp\/v2\/product_tag?post=1077"}],"curies":[{"name":"wp","href":"https:\/\/api.w.org\/{rel}","templated":true}]}}