{"id":1060,"date":"2025-03-30T22:08:54","date_gmt":"2025-03-30T14:08:54","guid":{"rendered":"https:\/\/texlube.com\/?post_type=product&#038;p=1060"},"modified":"2025-05-06T21:27:15","modified_gmt":"2025-05-06T13:27:15","slug":"olej-chlodniczy-mineralny-texlube-seria-gs","status":"publish","type":"product","link":"https:\/\/texlube.com\/pl\/produkt\/olej-chlodniczy-mineralny-texlube-seria-gs\/","title":{"rendered":"Olej ch\u0142odniczy mineralny - seria Texlube GS"},"content":{"rendered":"","protected":false},"excerpt":{"rendered":"<p>Olej ch\u0142odniczy serii TEXLUBE GS jest rafinowany z wysokiej jako\u015bci oleju naftenowego i wzbogacony zr\u00f3wnowa\u017conym pakietem dodatk\u00f3w przeciwutleniaj\u0105cych, przeciwzu\u017cyciowych i innych dodatk\u00f3w poprawiaj\u0105cych wydajno\u015b\u0107. Zapewnia doskona\u0142e smarowanie, wyj\u0105tkow\u0105 stabilno\u015b\u0107 chemiczn\u0105, doskona\u0142\u0105 p\u0142ynno\u015b\u0107 w niskich temperaturach i niezawodn\u0105 zgodno\u015b\u0107 z szerok\u0105 gam\u0105 czynnik\u00f3w ch\u0142odniczych.<\/p>","protected":false},"featured_media":2339,"comment_status":"open","ping_status":"closed","template":"","meta":[],"product_brand":[],"product_cat":[30],"product_tag":[],"class_list":{"0":"post-1060","1":"product","2":"type-product","3":"status-publish","4":"has-post-thumbnail","6":"product_cat-texlube-gs-series-tex-908","8":"first","9":"instock","10":"shipping-taxable","11":"product-type-simple"},"_links":{"self":[{"href":"https:\/\/texlube.com\/pl\/wp-json\/wp\/v2\/product\/1060","targetHints":{"allow":["GET"]}}],"collection":[{"href":"https:\/\/texlube.com\/pl\/wp-json\/wp\/v2\/product"}],"about":[{"href":"https:\/\/texlube.com\/pl\/wp-json\/wp\/v2\/types\/product"}],"replies":[{"embeddable":true,"href":"https:\/\/texlube.com\/pl\/wp-json\/wp\/v2\/comments?post=1060"}],"wp:featuredmedia":[{"embeddable":true,"href":"https:\/\/texlube.com\/pl\/wp-json\/wp\/v2\/media\/2339"}],"wp:attachment":[{"href":"https:\/\/texlube.com\/pl\/wp-json\/wp\/v2\/media?parent=1060"}],"wp:term":[{"taxonomy":"product_brand","embeddable":true,"href":"https:\/\/texlube.com\/pl\/wp-json\/wp\/v2\/product_brand?post=1060"},{"taxonomy":"product_cat","embeddable":true,"href":"https:\/\/texlube.com\/pl\/wp-json\/wp\/v2\/product_cat?post=1060"},{"taxonomy":"product_tag","embeddable":true,"href":"https:\/\/texlube.com\/pl\/wp-json\/wp\/v2\/product_tag?post=1060"}],"curies":[{"name":"wp","href":"https:\/\/api.w.org\/{rel}","templated":true}]}}