{"id":1077,"date":"2025-03-30T22:42:37","date_gmt":"2025-03-30T14:42:37","guid":{"rendered":"https:\/\/texlube.com\/?post_type=product&#038;p=1077"},"modified":"2025-05-06T21:43:04","modified_gmt":"2025-05-06T13:43:04","slug":"huile-de-refrigeration-poe-tex-906-150-320","status":"publish","type":"product","link":"https:\/\/texlube.com\/fr\/produit\/huile-de-refrigeration-poe-tex-906-150-320\/","title":{"rendered":"Huile de r\u00e9frig\u00e9ration POE \u2013 TEX-906-150\/320"},"content":{"rendered":"","protected":false},"excerpt":{"rendered":"<p>Le TEX-906-150\/320 est d\u00e9velopp\u00e9 \u00e0 partir d&#039;huiles de base d&#039;esters de polyol import\u00e9es de premi\u00e8re qualit\u00e9, associ\u00e9es \u00e0 un m\u00e9lange d&#039;additifs soigneusement s\u00e9lectionn\u00e9s offrant une r\u00e9sistance aux pressions extr\u00eames, une protection anti-usure, une suppression de la mousse et un contr\u00f4le de l&#039;oxydation. Cette formulation assure un fort pouvoir lubrifiant, d&#039;excellentes performances \u00e0 hautes et basses temp\u00e9ratures, et une compatibilit\u00e9 fiable avec les r\u00e9frig\u00e9rants HFC. Gr\u00e2ce \u00e0 sa stabilit\u00e9 thermique et chimique \u00e9prouv\u00e9e, le TEX-906-150\/320 est une solution fiable pour les syst\u00e8mes de climatisation centrale, les pompes \u00e0 chaleur, les \u00e9quipements de r\u00e9frig\u00e9ration industrielle et autres applications de refroidissement avanc\u00e9es.<\/p>","protected":false},"featured_media":2347,"comment_status":"open","ping_status":"closed","template":"","meta":[],"product_brand":[],"product_cat":[41],"product_tag":[],"class_list":{"0":"post-1077","1":"product","2":"type-product","3":"status-publish","4":"has-post-thumbnail","6":"product_cat-poe-oil-tex-906-150-320","8":"first","9":"instock","10":"shipping-taxable","11":"product-type-simple"},"_links":{"self":[{"href":"https:\/\/texlube.com\/fr\/wp-json\/wp\/v2\/product\/1077","targetHints":{"allow":["GET"]}}],"collection":[{"href":"https:\/\/texlube.com\/fr\/wp-json\/wp\/v2\/product"}],"about":[{"href":"https:\/\/texlube.com\/fr\/wp-json\/wp\/v2\/types\/product"}],"replies":[{"embeddable":true,"href":"https:\/\/texlube.com\/fr\/wp-json\/wp\/v2\/comments?post=1077"}],"wp:featuredmedia":[{"embeddable":true,"href":"https:\/\/texlube.com\/fr\/wp-json\/wp\/v2\/media\/2347"}],"wp:attachment":[{"href":"https:\/\/texlube.com\/fr\/wp-json\/wp\/v2\/media?parent=1077"}],"wp:term":[{"taxonomy":"product_brand","embeddable":true,"href":"https:\/\/texlube.com\/fr\/wp-json\/wp\/v2\/product_brand?post=1077"},{"taxonomy":"product_cat","embeddable":true,"href":"https:\/\/texlube.com\/fr\/wp-json\/wp\/v2\/product_cat?post=1077"},{"taxonomy":"product_tag","embeddable":true,"href":"https:\/\/texlube.com\/fr\/wp-json\/wp\/v2\/product_tag?post=1077"}],"curies":[{"name":"wp","href":"https:\/\/api.w.org\/{rel}","templated":true}]}}