{"id":1074,"date":"2025-03-30T22:40:18","date_gmt":"2025-03-30T14:40:18","guid":{"rendered":"https:\/\/texlube.com\/?post_type=product&#038;p=1074"},"modified":"2025-05-06T21:41:45","modified_gmt":"2025-05-06T13:41:45","slug":"huile-de-refrigeration-poe-tex-906-120","status":"publish","type":"product","link":"https:\/\/texlube.com\/fr\/produit\/huile-de-refrigeration-poe-tex-906-120\/","title":{"rendered":"Huile de r\u00e9frig\u00e9ration POE \u2013 TEX-906-120"},"content":{"rendered":"","protected":false},"excerpt":{"rendered":"<p>Le TEX-906-120 est fabriqu\u00e9 \u00e0 partir d&#039;ester de polyol import\u00e9 de haute qualit\u00e9, m\u00e9lang\u00e9 \u00e0 une gamme d&#039;additifs am\u00e9liorant les performances, notamment des agents anti-usure, EP, anti-mousse et antioxydants. Il offre une lubrification sup\u00e9rieure, des performances stables sur une large plage de temp\u00e9ratures, une excellente compatibilit\u00e9 avec les r\u00e9frig\u00e9rants et une stabilit\u00e9 thermique et chimique exceptionnelle. Ce produit est largement utilis\u00e9 dans les climatiseurs centraux, les r\u00e9frig\u00e9rateurs, les cong\u00e9lateurs, les s\u00e9cheurs d&#039;air r\u00e9frig\u00e9r\u00e9s, les pompes \u00e0 chaleur, les syst\u00e8mes de r\u00e9frig\u00e9ration industrielle et autres \u00e9quipements de refroidissement.<\/p>","protected":false},"featured_media":2343,"comment_status":"open","ping_status":"closed","template":"","meta":[],"product_brand":[],"product_cat":[37],"product_tag":[],"class_list":{"0":"post-1074","1":"product","2":"type-product","3":"status-publish","4":"has-post-thumbnail","6":"product_cat-poe-oil-tex-906-120","8":"first","9":"instock","10":"shipping-taxable","11":"product-type-simple"},"_links":{"self":[{"href":"https:\/\/texlube.com\/fr\/wp-json\/wp\/v2\/product\/1074","targetHints":{"allow":["GET"]}}],"collection":[{"href":"https:\/\/texlube.com\/fr\/wp-json\/wp\/v2\/product"}],"about":[{"href":"https:\/\/texlube.com\/fr\/wp-json\/wp\/v2\/types\/product"}],"replies":[{"embeddable":true,"href":"https:\/\/texlube.com\/fr\/wp-json\/wp\/v2\/comments?post=1074"}],"wp:featuredmedia":[{"embeddable":true,"href":"https:\/\/texlube.com\/fr\/wp-json\/wp\/v2\/media\/2343"}],"wp:attachment":[{"href":"https:\/\/texlube.com\/fr\/wp-json\/wp\/v2\/media?parent=1074"}],"wp:term":[{"taxonomy":"product_brand","embeddable":true,"href":"https:\/\/texlube.com\/fr\/wp-json\/wp\/v2\/product_brand?post=1074"},{"taxonomy":"product_cat","embeddable":true,"href":"https:\/\/texlube.com\/fr\/wp-json\/wp\/v2\/product_cat?post=1074"},{"taxonomy":"product_tag","embeddable":true,"href":"https:\/\/texlube.com\/fr\/wp-json\/wp\/v2\/product_tag?post=1074"}],"curies":[{"name":"wp","href":"https:\/\/api.w.org\/{rel}","templated":true}]}}