{"id":1060,"date":"2025-03-30T22:08:54","date_gmt":"2025-03-30T14:08:54","guid":{"rendered":"https:\/\/texlube.com\/?post_type=product&#038;p=1060"},"modified":"2025-05-06T21:27:15","modified_gmt":"2025-05-06T13:27:15","slug":"huile-minerale-de-refrigeration-texlube-serie-gs","status":"publish","type":"product","link":"https:\/\/texlube.com\/fr\/produit\/huile-minerale-de-refrigeration-texlube-serie-gs\/","title":{"rendered":"Huile min\u00e9rale pour r\u00e9frig\u00e9ration - S\u00e9rie Texlube GS"},"content":{"rendered":"","protected":false},"excerpt":{"rendered":"<p>L&#039;huile de r\u00e9frig\u00e9ration TEXLUBE s\u00e9rie GS est raffin\u00e9e \u00e0 partir d&#039;une huile de base napht\u00e9nique de haute qualit\u00e9 et enrichie d&#039;un ensemble \u00e9quilibr\u00e9 d&#039;additifs antioxydants, anti-usure et autres additifs de performance. Elle offre une excellente lubrification, une stabilit\u00e9 chimique exceptionnelle, une fluidit\u00e9 sup\u00e9rieure \u00e0 basse temp\u00e9rature et une compatibilit\u00e9 fiable avec une large gamme de r\u00e9frig\u00e9rants.<\/p>","protected":false},"featured_media":2339,"comment_status":"open","ping_status":"closed","template":"","meta":[],"product_brand":[],"product_cat":[30],"product_tag":[],"class_list":{"0":"post-1060","1":"product","2":"type-product","3":"status-publish","4":"has-post-thumbnail","6":"product_cat-texlube-gs-series-tex-908","8":"first","9":"instock","10":"shipping-taxable","11":"product-type-simple"},"_links":{"self":[{"href":"https:\/\/texlube.com\/fr\/wp-json\/wp\/v2\/product\/1060","targetHints":{"allow":["GET"]}}],"collection":[{"href":"https:\/\/texlube.com\/fr\/wp-json\/wp\/v2\/product"}],"about":[{"href":"https:\/\/texlube.com\/fr\/wp-json\/wp\/v2\/types\/product"}],"replies":[{"embeddable":true,"href":"https:\/\/texlube.com\/fr\/wp-json\/wp\/v2\/comments?post=1060"}],"wp:featuredmedia":[{"embeddable":true,"href":"https:\/\/texlube.com\/fr\/wp-json\/wp\/v2\/media\/2339"}],"wp:attachment":[{"href":"https:\/\/texlube.com\/fr\/wp-json\/wp\/v2\/media?parent=1060"}],"wp:term":[{"taxonomy":"product_brand","embeddable":true,"href":"https:\/\/texlube.com\/fr\/wp-json\/wp\/v2\/product_brand?post=1060"},{"taxonomy":"product_cat","embeddable":true,"href":"https:\/\/texlube.com\/fr\/wp-json\/wp\/v2\/product_cat?post=1060"},{"taxonomy":"product_tag","embeddable":true,"href":"https:\/\/texlube.com\/fr\/wp-json\/wp\/v2\/product_tag?post=1060"}],"curies":[{"name":"wp","href":"https:\/\/api.w.org\/{rel}","templated":true}]}}